{"id":1986,"date":"2020-06-24T06:47:20","date_gmt":"2020-06-24T06:47:20","guid":{"rendered":"http:\/\/www.toller-casimir.de\/?page_id=1986"},"modified":"2025-04-24T08:58:54","modified_gmt":"2025-04-24T08:58:54","slug":"verpaarungen","status":"publish","type":"page","link":"https:\/\/www.toller-casimir.de\/?page_id=1986","title":{"rendered":"Verpaarungen"},"content":{"rendered":"<p>(mehr Infos und Bilder auf der Seite des entsprechenden Wurfs)<\/p>\n<h3>4. Wurf &#8211; <a href=\"https:\/\/www.enjoyslife.de\/\" target=\"_blank\" rel=\"noopener\">Enjoys Life<\/a><\/h3>\n<p>Anfang November 2024 kam ein Anruf, \u00fcber den ich mich sehr gefreut habe und Ende November hatte Darwin dann ein Date mit Nayeli. Das Treffen hat Fr\u00fcchte getragen aber leider haben es die 2 W\u00fcrmchen nicht geschafft, lebend die Welt zu betreten \ud83d\ude41<\/p>\n<h3>3. Wurf &#8211; <a href=\"http:\/\/www.hunters-moonlight.de\/php-fusion\/viewpage.php?page_id=492\" target=\"_blank\" rel=\"noopener\">Hunter&#8217;s Moonlight Arcadian Autumn Leaf<\/a><\/h3>\n<p>Im Juli 2024 hatte Darwin ein Date mit Jaycee. Am 20. September 2024 erblickten 8 kleine Tollerchen die Welt (6 Herren und 2 Damen).<img loading=\"lazy\" decoding=\"async\" class=\"size-medium wp-image-2576 aligncenter\" src=\"https:\/\/www.toller-casimir.de\/wp-content\/uploads\/2024\/11\/Jaycee-AAL-Wurf-300x200.jpg\" alt=\"\" width=\"300\" height=\"200\" srcset=\"https:\/\/www.toller-casimir.de\/wp-content\/uploads\/2024\/11\/Jaycee-AAL-Wurf-300x200.jpg 300w, https:\/\/www.toller-casimir.de\/wp-content\/uploads\/2024\/11\/Jaycee-AAL-Wurf.jpg 500w\" sizes=\"auto, (max-width: 300px) 100vw, 300px\" \/><\/p>\n<h3><strong>2. Wurf &#8211; <a href=\"https:\/\/vom-koishuettler-wald.jimdofree.com\/zucht\/b-wurf\/\" target=\"_blank\" rel=\"noopener\">B-Wurf vom Koish\u00fcttler Wald<\/a> &#8211; Wurfwiederholung<\/strong><\/h3>\n<p>Aufgrund von unvorhergesehenen Geschehnissen gab es eine spontane Wurfwiederholung Mitte Juli 2023. Das Ergebnis kam am 19. September 2023 zur Welt in Form von 7 kleinen Tollerchen (4 Herren und 3 Damen).<img loading=\"lazy\" decoding=\"async\" class=\"aligncenter wp-image-2572\" src=\"https:\/\/www.toller-casimir.de\/wp-content\/uploads\/2024\/11\/cilli-b-wurf-300x135.jpg\" alt=\"\" width=\"400\" height=\"180\" srcset=\"https:\/\/www.toller-casimir.de\/wp-content\/uploads\/2024\/11\/cilli-b-wurf-300x135.jpg 300w, https:\/\/www.toller-casimir.de\/wp-content\/uploads\/2024\/11\/cilli-b-wurf-768x346.jpg 768w, https:\/\/www.toller-casimir.de\/wp-content\/uploads\/2024\/11\/cilli-b-wurf.jpg 924w\" sizes=\"auto, (max-width: 400px) 100vw, 400px\" \/><\/p>\n<h3>1. Wurf &#8211; <a href=\"https:\/\/vom-koishuettler-wald.jimdofree.com\/zucht\/a-wurf\/\" target=\"_blank\" rel=\"noopener\">A-Wurf vom Koish\u00fcttler Wald<\/a><\/h3>\n<p>Cilli und Darwin hatten Mitte Juni 2020 ihr erstes Date und einige Zeit sp\u00e4ter stand fest, es hat Fr\u00fcchte getragen. Am 21. August 2020 kamen 6 kleine Tollerchens auf die Welt (4 Damen und 2 Herren).<\/p>\n<p><img loading=\"lazy\" decoding=\"async\" class=\"size-medium wp-image-2036 aligncenter\" src=\"https:\/\/www.toller-casimir.de\/wp-content\/uploads\/2020\/08\/IMG-20200821-WA0006-300x225.jpg\" alt=\"\" width=\"300\" height=\"225\" srcset=\"https:\/\/www.toller-casimir.de\/wp-content\/uploads\/2020\/08\/IMG-20200821-WA0006-300x225.jpg 300w, https:\/\/www.toller-casimir.de\/wp-content\/uploads\/2020\/08\/IMG-20200821-WA0006-768x576.jpg 768w, https:\/\/www.toller-casimir.de\/wp-content\/uploads\/2020\/08\/IMG-20200821-WA0006.jpg 1024w\" sizes=\"auto, (max-width: 300px) 100vw, 300px\" \/><\/p>\n<p><img loading=\"lazy\" decoding=\"async\" class=\"aligncenter wp-image-2508 size-large\" src=\"https:\/\/www.toller-casimir.de\/wp-content\/uploads\/2023\/09\/FB_IMG_1692635088310-1024x1024.jpg\" alt=\"\" width=\"860\" height=\"860\" srcset=\"https:\/\/www.toller-casimir.de\/wp-content\/uploads\/2023\/09\/FB_IMG_1692635088310-1024x1024.jpg 1024w, https:\/\/www.toller-casimir.de\/wp-content\/uploads\/2023\/09\/FB_IMG_1692635088310-300x300.jpg 300w, https:\/\/www.toller-casimir.de\/wp-content\/uploads\/2023\/09\/FB_IMG_1692635088310-150x150.jpg 150w, https:\/\/www.toller-casimir.de\/wp-content\/uploads\/2023\/09\/FB_IMG_1692635088310-768x768.jpg 768w, https:\/\/www.toller-casimir.de\/wp-content\/uploads\/2023\/09\/FB_IMG_1692635088310-90x90.jpg 90w, https:\/\/www.toller-casimir.de\/wp-content\/uploads\/2023\/09\/FB_IMG_1692635088310-75x75.jpg 75w, https:\/\/www.toller-casimir.de\/wp-content\/uploads\/2023\/09\/FB_IMG_1692635088310.jpg 1440w\" sizes=\"auto, (max-width: 860px) 100vw, 860px\" \/><\/p>\n<p>&nbsp;<\/p>\n","protected":false},"excerpt":{"rendered":"<p>(mehr Infos und Bilder auf der Seite des entsprechenden Wurfs) 4. Wurf &#8211; Enjoys Life Anfang November 2024 kam ein Anruf, \u00fcber den ich mich sehr gefreut habe und Ende November hatte Darwin dann ein Date mit Nayeli. Das Treffen hat Fr\u00fcchte getragen aber leider haben es die 2 W\u00fcrmchen nicht geschafft, lebend die Welt zu betreten \ud83d\ude41 3. Wurf<\/p>\n","protected":false},"author":1,"featured_media":0,"parent":0,"menu_order":0,"comment_status":"closed","ping_status":"closed","template":"","meta":{"footnotes":""},"class_list":["post-1986","page","type-page","status-publish","hentry"],"_links":{"self":[{"href":"https:\/\/www.toller-casimir.de\/index.php?rest_route=\/wp\/v2\/pages\/1986","targetHints":{"allow":["GET"]}}],"collection":[{"href":"https:\/\/www.toller-casimir.de\/index.php?rest_route=\/wp\/v2\/pages"}],"about":[{"href":"https:\/\/www.toller-casimir.de\/index.php?rest_route=\/wp\/v2\/types\/page"}],"author":[{"embeddable":true,"href":"https:\/\/www.toller-casimir.de\/index.php?rest_route=\/wp\/v2\/users\/1"}],"replies":[{"embeddable":true,"href":"https:\/\/www.toller-casimir.de\/index.php?rest_route=%2Fwp%2Fv2%2Fcomments&post=1986"}],"version-history":[{"count":27,"href":"https:\/\/www.toller-casimir.de\/index.php?rest_route=\/wp\/v2\/pages\/1986\/revisions"}],"predecessor-version":[{"id":2603,"href":"https:\/\/www.toller-casimir.de\/index.php?rest_route=\/wp\/v2\/pages\/1986\/revisions\/2603"}],"wp:attachment":[{"href":"https:\/\/www.toller-casimir.de\/index.php?rest_route=%2Fwp%2Fv2%2Fmedia&parent=1986"}],"curies":[{"name":"wp","href":"https:\/\/api.w.org\/{rel}","templated":true}]}}