{"id":20,"date":"2016-11-02T13:05:08","date_gmt":"2016-11-02T13:05:08","guid":{"rendered":"http:\/\/nsdtr.lany-online.net\/?page_id=20"},"modified":"2016-11-02T13:07:21","modified_gmt":"2016-11-02T13:07:21","slug":"die-rasse","status":"publish","type":"page","link":"https:\/\/www.toller-casimir.de\/?page_id=20","title":{"rendered":"Die Rasse"},"content":{"rendered":"<h3>Nova Scotia Duck Tolling Retriever<\/h3>\n<p>Ich kann hier jetzt alles m\u00f6gliche \u00fcber die Rasse schreiben, aber das findet man auch \u00fcberall sonst im Internet, z.B. findet man beim DRC e.V. eine <a href=\"http:\/\/drc.de\/content\/nova-scotia-duck-tolling-retriever-ausfuehrliche-rassebeschreibung\" target=\"_blank\">ausf\u00fchrliche Rassebeschreibung<\/a>, auf <a href=\"https:\/\/de.wikipedia.org\/wiki\/Nova_Scotia_Duck_Tolling_Retriever\" target=\"_blank\">Wikipedia<\/a> oder <a href=\"http:\/\/www.hundund.de\/rassen\/novascotiaducktollingretriever\/\" target=\"_blank\">hundund<\/a>.<\/p>\n<p>Folgende Beschreibung finde ich sehr treffend:<br \/>\n&#8222;Der Nova-Scotia-Duck-Tolling-Retriever ist ein sehr intelligenter, ausdauernder und flinker Apporteur mit viel Temperament. Er ist extrem spielfreudig, aufmerksam und entschlossen. Dieser muntere und lustige Retriever, der sich auch in einer aktiven Familie sehr gut einf\u00fcgt und dadurch mit Einf\u00fchlungsverm\u00f6gen und viel Zuwendung besch\u00e4ftigt werden.&#8220; lt <a href=\"http:\/\/drc.de\/retrieverrassen\/nova-scotia-duck-tolling-retriever\/beschreibung\" target=\"_blank\">DRC e.V.<\/a><\/p>\n","protected":false},"excerpt":{"rendered":"<p>Nova Scotia Duck Tolling Retriever Ich kann hier jetzt alles m\u00f6gliche \u00fcber die Rasse schreiben, aber das findet man auch \u00fcberall sonst im Internet, z.B. findet man beim DRC e.V. eine ausf\u00fchrliche Rassebeschreibung, auf Wikipedia oder hundund. Folgende Beschreibung finde ich sehr treffend: &#8222;Der Nova-Scotia-Duck-Tolling-Retriever ist ein sehr intelligenter, ausdauernder und flinker Apporteur mit viel Temperament. Er ist extrem spielfreudig,<\/p>\n","protected":false},"author":1,"featured_media":0,"parent":0,"menu_order":0,"comment_status":"closed","ping_status":"closed","template":"","meta":{"footnotes":""},"class_list":["post-20","page","type-page","status-publish","hentry"],"_links":{"self":[{"href":"https:\/\/www.toller-casimir.de\/index.php?rest_route=\/wp\/v2\/pages\/20","targetHints":{"allow":["GET"]}}],"collection":[{"href":"https:\/\/www.toller-casimir.de\/index.php?rest_route=\/wp\/v2\/pages"}],"about":[{"href":"https:\/\/www.toller-casimir.de\/index.php?rest_route=\/wp\/v2\/types\/page"}],"author":[{"embeddable":true,"href":"https:\/\/www.toller-casimir.de\/index.php?rest_route=\/wp\/v2\/users\/1"}],"replies":[{"embeddable":true,"href":"https:\/\/www.toller-casimir.de\/index.php?rest_route=%2Fwp%2Fv2%2Fcomments&post=20"}],"version-history":[{"count":3,"href":"https:\/\/www.toller-casimir.de\/index.php?rest_route=\/wp\/v2\/pages\/20\/revisions"}],"predecessor-version":[{"id":23,"href":"https:\/\/www.toller-casimir.de\/index.php?rest_route=\/wp\/v2\/pages\/20\/revisions\/23"}],"wp:attachment":[{"href":"https:\/\/www.toller-casimir.de\/index.php?rest_route=%2Fwp%2Fv2%2Fmedia&parent=20"}],"curies":[{"name":"wp","href":"https:\/\/api.w.org\/{rel}","templated":true}]}}